{"id":65,"date":"2017-03-17T20:26:53","date_gmt":"2017-03-17T20:26:53","guid":{"rendered":"http:\/\/sk\u00e5rag\u00e5rdsbageri.se\/?page_id=65"},"modified":"2022-01-30T08:48:12","modified_gmt":"2022-01-30T07:48:12","slug":"bakverk-och-tartor","status":"publish","type":"page","link":"https:\/\/xn--skragrdsbageri-mibd.se\/?page_id=65","title":{"rendered":"Pizza"},"content":{"rendered":"<p>Ungef\u00e4r en s\u00f6ndag i m\u00e5naden bakar vi pizza. En krispig surdegsbotten som fylls med egen tomats\u00e5s och \u00e5rstidens prim\u00f6rer.\u00a0 F\u00f6r att veta om det \u00e4r pizza p\u00e5 g\u00e5ng kolla p\u00e5 <a class=\"fa fa-instagram\" href=\"https:\/\/www.instagram.com\/kapriflora\/\">instagram<\/a><\/p>\n\n\n<p><\/p>\n","protected":false},"excerpt":{"rendered":"<p>Ungef\u00e4r en s\u00f6ndag i m\u00e5naden bakar vi pizza. En krispig surdegsbotten som fylls med egen tomats\u00e5s och \u00e5rstidens prim\u00f6rer.\u00a0 F\u00f6r att veta om det \u00e4r pizza p\u00e5&hellip; <span class=\"read-more\"><a class=\"more-link\" href=\"https:\/\/xn--skragrdsbageri-mibd.se\/?page_id=65\" rel=\"bookmark\">Read more <span class=\"screen-reader-text\">&#8221;Pizza&#8221;<\/span><\/a><\/span><\/p>\n","protected":false},"author":1,"featured_media":156,"parent":49,"menu_order":0,"comment_status":"closed","ping_status":"closed","template":"","meta":{"spay_email":""},"_links":{"self":[{"href":"https:\/\/xn--skragrdsbageri-mibd.se\/index.php?rest_route=\/wp\/v2\/pages\/65"}],"collection":[{"href":"https:\/\/xn--skragrdsbageri-mibd.se\/index.php?rest_route=\/wp\/v2\/pages"}],"about":[{"href":"https:\/\/xn--skragrdsbageri-mibd.se\/index.php?rest_route=\/wp\/v2\/types\/page"}],"author":[{"embeddable":true,"href":"https:\/\/xn--skragrdsbageri-mibd.se\/index.php?rest_route=\/wp\/v2\/users\/1"}],"replies":[{"embeddable":true,"href":"https:\/\/xn--skragrdsbageri-mibd.se\/index.php?rest_route=%2Fwp%2Fv2%2Fcomments&post=65"}],"version-history":[{"count":15,"href":"https:\/\/xn--skragrdsbageri-mibd.se\/index.php?rest_route=\/wp\/v2\/pages\/65\/revisions"}],"predecessor-version":[{"id":600,"href":"https:\/\/xn--skragrdsbageri-mibd.se\/index.php?rest_route=\/wp\/v2\/pages\/65\/revisions\/600"}],"up":[{"embeddable":true,"href":"https:\/\/xn--skragrdsbageri-mibd.se\/index.php?rest_route=\/wp\/v2\/pages\/49"}],"wp:featuredmedia":[{"embeddable":true,"href":"https:\/\/xn--skragrdsbageri-mibd.se\/index.php?rest_route=\/wp\/v2\/media\/156"}],"wp:attachment":[{"href":"https:\/\/xn--skragrdsbageri-mibd.se\/index.php?rest_route=%2Fwp%2Fv2%2Fmedia&parent=65"}],"curies":[{"name":"wp","href":"https:\/\/api.w.org\/{rel}","templated":true}]}}