{"id":60,"date":"2017-03-17T20:26:21","date_gmt":"2017-03-17T20:26:21","guid":{"rendered":"http:\/\/sk\u00e5rag\u00e5rdsbageri.se\/?page_id=60"},"modified":"2022-01-29T13:45:06","modified_gmt":"2022-01-29T12:45:06","slug":"croissant","status":"publish","type":"page","link":"https:\/\/xn--skragrdsbageri-mibd.se\/?page_id=60","title":{"rendered":"Fika"},"content":{"rendered":"<p>Varje dag kan du f\u00f6rutom olika surdegsbr\u00f6d ocks\u00e5 k\u00f6pa, croissanter, bullar, wienerbr\u00f6d och annat sm\u00e5tt och gott.\u00a0 Till fikat kanske du vill ha en kaffe, te, eller n\u00e5gon av v\u00e5r egen tillverkade saftsorter. \u00c4lg\u00f6rt, rabarber, Lingon eller \u00e4pple \u00e4r n\u00e5gra av smakerna vi har.<br \/>\nPs&#8230;.. Croissanten som ocks\u00e5 ing\u00e5r i f\u00f6retagets logotyp, \u00e4r helt enkelt en prefekt kombination av frasighet och mjukhet, sm\u00f6r och mj\u00f6l n\u00e4r det \u00e4r som allra godast.<\/p>\n","protected":false},"excerpt":{"rendered":"<p>Varje dag kan du f\u00f6rutom olika surdegsbr\u00f6d ocks\u00e5 k\u00f6pa, croissanter, bullar, wienerbr\u00f6d och annat sm\u00e5tt och gott.\u00a0 Till fikat kanske du vill ha en kaffe, te, eller&hellip; <span class=\"read-more\"><a class=\"more-link\" href=\"https:\/\/xn--skragrdsbageri-mibd.se\/?page_id=60\" rel=\"bookmark\">Read more <span class=\"screen-reader-text\">&#8221;Fika&#8221;<\/span><\/a><\/span><\/p>\n","protected":false},"author":1,"featured_media":364,"parent":49,"menu_order":-2,"comment_status":"closed","ping_status":"closed","template":"","meta":{"spay_email":""},"_links":{"self":[{"href":"https:\/\/xn--skragrdsbageri-mibd.se\/index.php?rest_route=\/wp\/v2\/pages\/60"}],"collection":[{"href":"https:\/\/xn--skragrdsbageri-mibd.se\/index.php?rest_route=\/wp\/v2\/pages"}],"about":[{"href":"https:\/\/xn--skragrdsbageri-mibd.se\/index.php?rest_route=\/wp\/v2\/types\/page"}],"author":[{"embeddable":true,"href":"https:\/\/xn--skragrdsbageri-mibd.se\/index.php?rest_route=\/wp\/v2\/users\/1"}],"replies":[{"embeddable":true,"href":"https:\/\/xn--skragrdsbageri-mibd.se\/index.php?rest_route=%2Fwp%2Fv2%2Fcomments&post=60"}],"version-history":[{"count":11,"href":"https:\/\/xn--skragrdsbageri-mibd.se\/index.php?rest_route=\/wp\/v2\/pages\/60\/revisions"}],"predecessor-version":[{"id":416,"href":"https:\/\/xn--skragrdsbageri-mibd.se\/index.php?rest_route=\/wp\/v2\/pages\/60\/revisions\/416"}],"up":[{"embeddable":true,"href":"https:\/\/xn--skragrdsbageri-mibd.se\/index.php?rest_route=\/wp\/v2\/pages\/49"}],"wp:featuredmedia":[{"embeddable":true,"href":"https:\/\/xn--skragrdsbageri-mibd.se\/index.php?rest_route=\/wp\/v2\/media\/364"}],"wp:attachment":[{"href":"https:\/\/xn--skragrdsbageri-mibd.se\/index.php?rest_route=%2Fwp%2Fv2%2Fmedia&parent=60"}],"curies":[{"name":"wp","href":"https:\/\/api.w.org\/{rel}","templated":true}]}}