{"id":49,"date":"2017-03-17T13:39:39","date_gmt":"2017-03-17T13:39:39","guid":{"rendered":"http:\/\/sk\u00e5rag\u00e5rdsbageri.se\/?page_id=49"},"modified":"2022-01-30T08:33:42","modified_gmt":"2022-01-30T07:33:42","slug":"produkter","status":"publish","type":"page","link":"https:\/\/xn--skragrdsbageri-mibd.se\/?page_id=49","title":{"rendered":"Sortiment"},"content":{"rendered":"\n<p><strong>Hantverksbr\u00f6d<\/strong><\/p>\n\n\n\n<p>Hos oss kan du njuta av smaken av en helt f\u00e4rsk produkt mj\u00f6l, vatten och salt utan n\u00e5gra andra tillsatser \u00e4n bagarens kunnande och hantverk. Ett hantverksbr\u00f6d skapas med hj\u00e4lp av alla sinnen, k\u00e4nslan av degen, hur den luktar, smakar, ser ut och till och med via h\u00f6rseln \u2013 hur l\u00e5ter degen i blandaren? Vilket eko ger br\u00f6det n\u00e4r du knackar p\u00e5 det f\u00f6r att se om det \u00e4r f\u00e4rdiggr\u00e4ddat? Med alla sinnen n\u00e4rvarande. Kunnande om r\u00e5varorna, h\u00e4nsyn till v\u00e4dret, v\u00e4rme, kyla luftfuktighet och m\u00e5nga fler faktorer. Helt enkelt &#8211; <em>Kemi,  K\u00e4rlek <\/em>och <em>Kunnande<\/em>. Och s\u00e5 klart riktigt bra r\u00e5varor.<\/p>\n","protected":false},"excerpt":{"rendered":"<p>Hantverksbr\u00f6d Hos oss kan du njuta av smaken av en helt f\u00e4rsk produkt mj\u00f6l, vatten och salt utan n\u00e5gra andra tillsatser \u00e4n bagarens kunnande och hantverk. Ett&hellip; <span class=\"read-more\"><a class=\"more-link\" href=\"https:\/\/xn--skragrdsbageri-mibd.se\/?page_id=49\" rel=\"bookmark\">Read more <span class=\"screen-reader-text\">&#8221;Sortiment&#8221;<\/span><\/a><\/span><\/p>\n","protected":false},"author":1,"featured_media":151,"parent":0,"menu_order":0,"comment_status":"closed","ping_status":"closed","template":"","meta":{"spay_email":""},"_links":{"self":[{"href":"https:\/\/xn--skragrdsbageri-mibd.se\/index.php?rest_route=\/wp\/v2\/pages\/49"}],"collection":[{"href":"https:\/\/xn--skragrdsbageri-mibd.se\/index.php?rest_route=\/wp\/v2\/pages"}],"about":[{"href":"https:\/\/xn--skragrdsbageri-mibd.se\/index.php?rest_route=\/wp\/v2\/types\/page"}],"author":[{"embeddable":true,"href":"https:\/\/xn--skragrdsbageri-mibd.se\/index.php?rest_route=\/wp\/v2\/users\/1"}],"replies":[{"embeddable":true,"href":"https:\/\/xn--skragrdsbageri-mibd.se\/index.php?rest_route=%2Fwp%2Fv2%2Fcomments&post=49"}],"version-history":[{"count":22,"href":"https:\/\/xn--skragrdsbageri-mibd.se\/index.php?rest_route=\/wp\/v2\/pages\/49\/revisions"}],"predecessor-version":[{"id":467,"href":"https:\/\/xn--skragrdsbageri-mibd.se\/index.php?rest_route=\/wp\/v2\/pages\/49\/revisions\/467"}],"wp:featuredmedia":[{"embeddable":true,"href":"https:\/\/xn--skragrdsbageri-mibd.se\/index.php?rest_route=\/wp\/v2\/media\/151"}],"wp:attachment":[{"href":"https:\/\/xn--skragrdsbageri-mibd.se\/index.php?rest_route=%2Fwp%2Fv2%2Fmedia&parent=49"}],"curies":[{"name":"wp","href":"https:\/\/api.w.org\/{rel}","templated":true}]}}