{"id":418,"date":"2022-01-29T14:05:29","date_gmt":"2022-01-29T13:05:29","guid":{"rendered":"https:\/\/xn--skragrdsbageri-mibd.se\/?page_id=418"},"modified":"2023-11-23T12:05:47","modified_gmt":"2023-11-23T11:05:47","slug":"ata-har-eller-ta-med","status":"publish","type":"page","link":"https:\/\/xn--skragrdsbageri-mibd.se\/?page_id=418","title":{"rendered":"\u00c4ta h\u00e4r eller ta med?"},"content":{"rendered":"\n<p>Frukost, lunch, middag eller en fika? Vi \u00f6ppnar klockan 8 p\u00e5 morgonen och d\u00e5 kan du komma in och \u00e4ta en god frukost med nybakad fralla eller kanske en croissant med egenkokt marmelad? Fram tills dess att vi st\u00e4nger serverar vi olika matr\u00e4tter. P\u00e5 menyn har vi Syrisk tallrik, soppa och lyxmacka.  Vill du ta med maten fixar vi det, kall eller varm. <\/p>\n\n\n\n<p>I v\u00e5rt mysiga orangeri kan du sitta och titta ut \u00f6ver \u00e4ngarna, kasta ett get\u00f6ga p\u00e5 getterna i hagen bredvid eller mysa i v\u00e4rmen fr\u00e5n braskaminen. Hundar \u00e4r v\u00e4lkomna till oss och har ni tur finns det ett ocks\u00e5 ett hantverksbakat hundkex till Vovven att mumsa p\u00e5 medan matte eller husse fikar. I lokalen brukar\u00a0olika konstn\u00e4rer st\u00e4lla ut sina tavlor och verk.<\/p>\n\n\n\n\n\n<p><\/p>\n","protected":false},"excerpt":{"rendered":"<p>Frukost, lunch, middag eller en fika? Vi \u00f6ppnar klockan 8 p\u00e5 morgonen och d\u00e5 kan du komma in och \u00e4ta en god frukost med nybakad fralla eller&hellip; <span class=\"read-more\"><a class=\"more-link\" href=\"https:\/\/xn--skragrdsbageri-mibd.se\/?page_id=418\" rel=\"bookmark\">Read more <span class=\"screen-reader-text\">&#8221;\u00c4ta h\u00e4r eller ta med?&#8221;<\/span><\/a><\/span><\/p>\n","protected":false},"author":2,"featured_media":426,"parent":0,"menu_order":0,"comment_status":"closed","ping_status":"closed","template":"","meta":{"spay_email":""},"_links":{"self":[{"href":"https:\/\/xn--skragrdsbageri-mibd.se\/index.php?rest_route=\/wp\/v2\/pages\/418"}],"collection":[{"href":"https:\/\/xn--skragrdsbageri-mibd.se\/index.php?rest_route=\/wp\/v2\/pages"}],"about":[{"href":"https:\/\/xn--skragrdsbageri-mibd.se\/index.php?rest_route=\/wp\/v2\/types\/page"}],"author":[{"embeddable":true,"href":"https:\/\/xn--skragrdsbageri-mibd.se\/index.php?rest_route=\/wp\/v2\/users\/2"}],"replies":[{"embeddable":true,"href":"https:\/\/xn--skragrdsbageri-mibd.se\/index.php?rest_route=%2Fwp%2Fv2%2Fcomments&post=418"}],"version-history":[{"count":8,"href":"https:\/\/xn--skragrdsbageri-mibd.se\/index.php?rest_route=\/wp\/v2\/pages\/418\/revisions"}],"predecessor-version":[{"id":540,"href":"https:\/\/xn--skragrdsbageri-mibd.se\/index.php?rest_route=\/wp\/v2\/pages\/418\/revisions\/540"}],"wp:featuredmedia":[{"embeddable":true,"href":"https:\/\/xn--skragrdsbageri-mibd.se\/index.php?rest_route=\/wp\/v2\/media\/426"}],"wp:attachment":[{"href":"https:\/\/xn--skragrdsbageri-mibd.se\/index.php?rest_route=%2Fwp%2Fv2%2Fmedia&parent=418"}],"curies":[{"name":"wp","href":"https:\/\/api.w.org\/{rel}","templated":true}]}}